{"id":136,"date":"2023-08-15T23:55:01","date_gmt":"2023-08-15T21:55:01","guid":{"rendered":"https:\/\/losbebesdeclau.com\/?page_id=136"},"modified":"2024-11-20T12:39:19","modified_gmt":"2024-11-20T16:39:19","slug":"quien-soy","status":"publish","type":"page","link":"https:\/\/losbebesdeclau.com\/en\/quien-soy\/","title":{"rendered":"\u00bfQui\u00e9n Soy?"},"content":{"rendered":"\t\t<div data-elementor-type=\"wp-page\" data-elementor-id=\"136\" class=\"elementor elementor-136\" data-elementor-post-type=\"page\">\n\t\t\t\t\t\t\t\t\t<section class=\"elementor-section elementor-top-section elementor-element elementor-element-00c71d2 elementor-section-full_width elementor-section-height-default elementor-section-height-default\" data-id=\"00c71d2\" data-element_type=\"section\">\n\t\t\t\t\t\t<div class=\"elementor-container elementor-column-gap-no\">\n\t\t\t\t\t<div class=\"elementor-column elementor-col-33 elementor-top-column elementor-element elementor-element-8d9ed4c elementor-hidden-mobile\" data-id=\"8d9ed4c\" data-element_type=\"column\">\n\t\t\t<div class=\"elementor-widget-wrap elementor-element-populated\">\n\t\t\t\t\t\t\t\t<div class=\"elementor-element elementor-element-768bf7f elementor-widget elementor-widget-image\" data-id=\"768bf7f\" data-element_type=\"widget\" data-widget_type=\"image.default\">\n\t\t\t\t<div class=\"elementor-widget-container\">\n\t\t\t<style>\/*! elementor - v3.15.0 - 09-08-2023 *\/\n.elementor-widget-image{text-align:center}.elementor-widget-image a{display:inline-block}.elementor-widget-image a img[src$=\".svg\"]{width:48px}.elementor-widget-image img{vertical-align:middle;display:inline-block}<\/style>\t\t\t\t\t\t\t\t\t\t\t\t<img loading=\"lazy\" decoding=\"async\" width=\"972\" height=\"648\" src=\"https:\/\/losbebesdeclau.com\/wp-content\/uploads\/2023\/08\/Imagenes-Pagina-Web-1.jpg\" class=\"attachment-large size-large wp-image-183\" alt=\"\" srcset=\"https:\/\/losbebesdeclau.com\/wp-content\/uploads\/2023\/08\/Imagenes-Pagina-Web-1.jpg 972w, https:\/\/losbebesdeclau.com\/wp-content\/uploads\/2023\/08\/Imagenes-Pagina-Web-1-600x400.jpg 600w, https:\/\/losbebesdeclau.com\/wp-content\/uploads\/2023\/08\/Imagenes-Pagina-Web-1-300x200.jpg 300w, https:\/\/losbebesdeclau.com\/wp-content\/uploads\/2023\/08\/Imagenes-Pagina-Web-1-768x512.jpg 768w\" sizes=\"(max-width: 972px) 100vw, 972px\" \/>\t\t\t\t\t\t\t\t\t\t\t\t\t\t\t<\/div>\n\t\t\t\t<\/div>\n\t\t\t\t\t<\/div>\n\t\t<\/div>\n\t\t\t\t<div class=\"elementor-column elementor-col-33 elementor-top-column elementor-element elementor-element-0ada2fe\" data-id=\"0ada2fe\" data-element_type=\"column\">\n\t\t\t<div class=\"elementor-widget-wrap elementor-element-populated\">\n\t\t\t\t\t\t\t\t<div class=\"elementor-element elementor-element-bf10658 elementor-widget elementor-widget-image\" data-id=\"bf10658\" data-element_type=\"widget\" data-widget_type=\"image.default\">\n\t\t\t\t<div class=\"elementor-widget-container\">\n\t\t\t\t\t\t\t\t\t\t\t\t\t\t\t<img loading=\"lazy\" decoding=\"async\" width=\"1024\" height=\"683\" src=\"https:\/\/losbebesdeclau.com\/wp-content\/uploads\/2024\/03\/207-min-1024x683.jpg\" class=\"attachment-large size-large wp-image-1797\" alt=\"\" srcset=\"https:\/\/losbebesdeclau.com\/wp-content\/uploads\/2024\/03\/207-min-1024x683.jpg 1024w, https:\/\/losbebesdeclau.com\/wp-content\/uploads\/2024\/03\/207-min-300x200.jpg 300w, https:\/\/losbebesdeclau.com\/wp-content\/uploads\/2024\/03\/207-min-768x512.jpg 768w, https:\/\/losbebesdeclau.com\/wp-content\/uploads\/2024\/03\/207-min-600x400.jpg 600w, https:\/\/losbebesdeclau.com\/wp-content\/uploads\/2024\/03\/207-min.jpg 1296w\" sizes=\"(max-width: 1024px) 100vw, 1024px\" \/>\t\t\t\t\t\t\t\t\t\t\t\t\t\t\t<\/div>\n\t\t\t\t<\/div>\n\t\t\t\t\t<\/div>\n\t\t<\/div>\n\t\t\t\t<div class=\"elementor-column elementor-col-33 elementor-top-column elementor-element elementor-element-3b41851 elementor-hidden-mobile\" data-id=\"3b41851\" data-element_type=\"column\">\n\t\t\t<div class=\"elementor-widget-wrap elementor-element-populated\">\n\t\t\t\t\t\t\t\t<div class=\"elementor-element elementor-element-3cf52b7 elementor-widget elementor-widget-image\" data-id=\"3cf52b7\" data-element_type=\"widget\" data-widget_type=\"image.default\">\n\t\t\t\t<div class=\"elementor-widget-container\">\n\t\t\t\t\t\t\t\t\t\t\t\t\t\t\t<img loading=\"lazy\" decoding=\"async\" width=\"972\" height=\"648\" src=\"https:\/\/losbebesdeclau.com\/wp-content\/uploads\/2023\/08\/Imagenes-Pagina-Web.jpg\" class=\"attachment-large size-large wp-image-182\" alt=\"\" srcset=\"https:\/\/losbebesdeclau.com\/wp-content\/uploads\/2023\/08\/Imagenes-Pagina-Web.jpg 972w, https:\/\/losbebesdeclau.com\/wp-content\/uploads\/2023\/08\/Imagenes-Pagina-Web-600x400.jpg 600w, https:\/\/losbebesdeclau.com\/wp-content\/uploads\/2023\/08\/Imagenes-Pagina-Web-300x200.jpg 300w, https:\/\/losbebesdeclau.com\/wp-content\/uploads\/2023\/08\/Imagenes-Pagina-Web-768x512.jpg 768w\" sizes=\"(max-width: 972px) 100vw, 972px\" \/>\t\t\t\t\t\t\t\t\t\t\t\t\t\t\t<\/div>\n\t\t\t\t<\/div>\n\t\t\t\t\t<\/div>\n\t\t<\/div>\n\t\t\t\t\t\t\t<\/div>\n\t\t<\/section>\n\t\t\t\t<section class=\"elementor-section elementor-top-section elementor-element elementor-element-26e5302 elementor-section-boxed elementor-section-height-default elementor-section-height-default\" data-id=\"26e5302\" data-element_type=\"section\">\n\t\t\t\t\t\t<div class=\"elementor-container elementor-column-gap-default\">\n\t\t\t\t\t<div class=\"elementor-column elementor-col-100 elementor-top-column elementor-element elementor-element-1f7a1c7\" data-id=\"1f7a1c7\" data-element_type=\"column\">\n\t\t\t<div class=\"elementor-widget-wrap elementor-element-populated\">\n\t\t\t\t\t\t\t\t<div class=\"elementor-element elementor-element-4c7e48e elementor-widget elementor-widget-heading\" data-id=\"4c7e48e\" data-element_type=\"widget\" data-widget_type=\"heading.default\">\n\t\t\t\t<div class=\"elementor-widget-container\">\n\t\t\t<style>\/*! elementor - v3.15.0 - 09-08-2023 *\/\n.elementor-heading-title{padding:0;margin:0;line-height:1}.elementor-widget-heading .elementor-heading-title[class*=elementor-size-]>a{color:inherit;font-size:inherit;line-height:inherit}.elementor-widget-heading .elementor-heading-title.elementor-size-small{font-size:15px}.elementor-widget-heading .elementor-heading-title.elementor-size-medium{font-size:19px}.elementor-widget-heading .elementor-heading-title.elementor-size-large{font-size:29px}.elementor-widget-heading .elementor-heading-title.elementor-size-xl{font-size:39px}.elementor-widget-heading .elementor-heading-title.elementor-size-xxl{font-size:59px}<\/style><h2 class=\"elementor-heading-title elementor-size-default\">Qui\u00e9n Soy Yo<\/h2>\t\t<\/div>\n\t\t\t\t<\/div>\n\t\t\t\t\t<\/div>\n\t\t<\/div>\n\t\t\t\t\t\t\t<\/div>\n\t\t<\/section>\n\t\t\t\t<section class=\"elementor-section elementor-top-section elementor-element elementor-element-e301615 elementor-reverse-tablet elementor-section-boxed elementor-section-height-default elementor-section-height-default\" data-id=\"e301615\" data-element_type=\"section\">\n\t\t\t\t\t\t<div class=\"elementor-container elementor-column-gap-default\">\n\t\t\t\t\t<div class=\"elementor-column elementor-col-50 elementor-top-column elementor-element elementor-element-009bd8b\" data-id=\"009bd8b\" data-element_type=\"column\">\n\t\t\t<div class=\"elementor-widget-wrap elementor-element-populated\">\n\t\t\t\t\t\t\t\t<div class=\"elementor-element elementor-element-2204697 elementor-widget elementor-widget-image\" data-id=\"2204697\" data-element_type=\"widget\" data-widget_type=\"image.default\">\n\t\t\t\t<div class=\"elementor-widget-container\">\n\t\t\t\t\t\t\t\t\t\t\t\t\t\t\t<img loading=\"lazy\" decoding=\"async\" width=\"683\" height=\"1024\" src=\"https:\/\/losbebesdeclau.com\/wp-content\/uploads\/2024\/03\/209-min-683x1024.jpg\" class=\"attachment-large size-large wp-image-1799\" alt=\"\" srcset=\"https:\/\/losbebesdeclau.com\/wp-content\/uploads\/2024\/03\/209-min-683x1024.jpg 683w, https:\/\/losbebesdeclau.com\/wp-content\/uploads\/2024\/03\/209-min-200x300.jpg 200w, https:\/\/losbebesdeclau.com\/wp-content\/uploads\/2024\/03\/209-min-768x1152.jpg 768w, https:\/\/losbebesdeclau.com\/wp-content\/uploads\/2024\/03\/209-min-600x900.jpg 600w, https:\/\/losbebesdeclau.com\/wp-content\/uploads\/2024\/03\/209-min.jpg 864w\" sizes=\"(max-width: 683px) 100vw, 683px\" \/>\t\t\t\t\t\t\t\t\t\t\t\t\t\t\t<\/div>\n\t\t\t\t<\/div>\n\t\t\t\t\t<\/div>\n\t\t<\/div>\n\t\t\t\t<div class=\"elementor-column elementor-col-50 elementor-top-column elementor-element elementor-element-5c776ae\" data-id=\"5c776ae\" data-element_type=\"column\">\n\t\t\t<div class=\"elementor-widget-wrap elementor-element-populated\">\n\t\t\t\t\t\t\t\t<div class=\"elementor-element elementor-element-2f07647 elementor-widget elementor-widget-text-editor\" data-id=\"2f07647\" data-element_type=\"widget\" data-widget_type=\"text-editor.default\">\n\t\t\t\t<div class=\"elementor-widget-container\">\n\t\t\t<style>\/*! elementor - v3.15.0 - 09-08-2023 *\/\n.elementor-widget-text-editor.elementor-drop-cap-view-stacked .elementor-drop-cap{background-color:#69727d;color:#fff}.elementor-widget-text-editor.elementor-drop-cap-view-framed .elementor-drop-cap{color:#69727d;border:3px solid;background-color:transparent}.elementor-widget-text-editor:not(.elementor-drop-cap-view-default) .elementor-drop-cap{margin-top:8px}.elementor-widget-text-editor:not(.elementor-drop-cap-view-default) .elementor-drop-cap-letter{width:1em;height:1em}.elementor-widget-text-editor .elementor-drop-cap{float:left;text-align:center;line-height:1;font-size:50px}.elementor-widget-text-editor .elementor-drop-cap-letter{display:inline-block}<\/style>\t\t\t\t<p>Hola! Me presento, mi nombre es Claudia \u00c1guila, vivo en Chile y soy Artista Reborn desde el 2019. Aprend\u00ed de manera autodidacta con videos en YouTube. Desde entonces he practicado y modificado mucho mi t\u00e9cnica, y a\u00fan me queda infinidad por aprender, pero voy disfrutando cada etapa de este maravilloso arte.\u00a0<\/p><p>Desde muy peque\u00f1a he estado inmersa en el mundo del arte y manualidades (pintar, tejer, coser, dibujar, esculpir, confecci\u00f3n de peluches, amigurumis, origamai, bordar&#8230; lo que se te ocurra, seguramente lo hice jiji). Es mi pasatiempo predilecto \ud83e\udd0d<\/p><p>Conoc\u00ed a los beb\u00e9s reborn durante mi adolescencia y qued\u00e9 fascinada por ellos. Aunque siempre lo vi como un sue\u00f1o improbable, ya que en Chile no exist\u00edan y me era inimaginable el tema de comprar en el extranjero.<\/p><p>En el colegio siempre me fue bien, y termin\u00e9 estudiando la carrera de Medicina en la universidad. Llegu\u00e9 hasta 5\u00b0 a\u00f1o cuando por fin logr\u00e9 ser sincera conmigo misma y aceptar que no era feliz all\u00ed, tras lo cual (y por otros problemas de salud), decid\u00ed abandonar la carrera y dedicarme a lo que me hace feliz: El arte.\u00a0<\/p><p>Para ese entonces, ya sab\u00eda c\u00f3mo comprar en el extranjero y ya hab\u00eda pintado mi primer Beb\u00e9 Reborn, el cual result\u00f3 bastante bien, se vendi\u00f3 y me permiti\u00f3 seguir comprando m\u00e1s materiales. As\u00ed que, cuando por fin dej\u00e9 la universidad y tuve tiempo libre, me lanc\u00e9 de cabeza y puse todas mis energ\u00edas en hacer crecer mi peque\u00f1o emprendimiento. F<span class=\"JsGRdQ\">ue y es un<\/span><span class=\"JsGRdQ\"> proceso lento, caro y frustrante, pero a la vez muy divertido, <\/span><span class=\"JsGRdQ\">emocionante y gratificante.<\/span><\/p>\t\t\t\t\t\t<\/div>\n\t\t\t\t<\/div>\n\t\t\t\t\t<\/div>\n\t\t<\/div>\n\t\t\t\t\t\t\t<\/div>\n\t\t<\/section>\n\t\t\t\t<section class=\"elementor-section elementor-top-section elementor-element elementor-element-ff3c796 elementor-section-boxed elementor-section-height-default elementor-section-height-default\" data-id=\"ff3c796\" data-element_type=\"section\">\n\t\t\t\t\t\t<div class=\"elementor-container elementor-column-gap-default\">\n\t\t\t\t\t<div class=\"elementor-column elementor-col-100 elementor-top-column elementor-element elementor-element-79f2a7b\" data-id=\"79f2a7b\" data-element_type=\"column\">\n\t\t\t<div class=\"elementor-widget-wrap elementor-element-populated\">\n\t\t\t\t\t\t\t\t<div class=\"elementor-element elementor-element-72ffab8 elementor-widget elementor-widget-text-editor\" data-id=\"72ffab8\" data-element_type=\"widget\" data-widget_type=\"text-editor.default\">\n\t\t\t\t<div class=\"elementor-widget-container\">\n\t\t\t\t\t\t\t<p>Este mundo del Arte Reborn me ha permitido conocer historias y vivencias de distintas personas que se han acercado a m\u00ed; los beb\u00e9s inspiran sentimientos muy profundos para algunos&#8230; y estas mu\u00f1ecas, al verse tan reales, despiertan todas esas emociones. Y saber que mis beb\u00e9s pueden provocar esas sensaciones y\/o ayudar de alguna manera una persona, llena de felicidad mi coraz\u00f3n. Agradezco cada bella palabra que me han dicho, y por sobre todo, agradezco el apoyo y la confianza que tienen en m\u00ed y mi trabajo desde un inicio <span class=\"JsGRdQ\">\ud83e\udd0d<\/span><\/p>\t\t\t\t\t\t<\/div>\n\t\t\t\t<\/div>\n\t\t\t\t\t<\/div>\n\t\t<\/div>\n\t\t\t\t\t\t\t<\/div>\n\t\t<\/section>\n\t\t\t\t<section class=\"elementor-section elementor-top-section elementor-element elementor-element-f8895c6 elementor-section-boxed elementor-section-height-default elementor-section-height-default\" data-id=\"f8895c6\" data-element_type=\"section\">\n\t\t\t\t\t\t<div class=\"elementor-container elementor-column-gap-default\">\n\t\t\t\t\t<div class=\"elementor-column elementor-col-100 elementor-top-column elementor-element elementor-element-7e3b12d\" data-id=\"7e3b12d\" data-element_type=\"column\">\n\t\t\t<div class=\"elementor-widget-wrap elementor-element-populated\">\n\t\t\t\t\t\t\t\t<div class=\"elementor-element elementor-element-b8cb11c elementor-widget elementor-widget-text-editor\" data-id=\"b8cb11c\" data-element_type=\"widget\" data-widget_type=\"text-editor.default\">\n\t\t\t\t<div class=\"elementor-widget-container\">\n\t\t\t\t\t\t\t<p>Si le\u00edste todo, te lo agradezco mucho! Si quieres saber algo m\u00e1s de mi, puedes hablarme por WhatsApp<\/p><p>Que tengas lindo d\u00eda! \ud83c\udf37<\/p>\t\t\t\t\t\t<\/div>\n\t\t\t\t<\/div>\n\t\t\t\t<div class=\"elementor-element elementor-element-e11e869 elementor-widget elementor-widget-image\" data-id=\"e11e869\" data-element_type=\"widget\" data-widget_type=\"image.default\">\n\t\t\t\t<div class=\"elementor-widget-container\">\n\t\t\t\t\t\t\t\t\t\t\t\t\t\t\t<img loading=\"lazy\" decoding=\"async\" width=\"1024\" height=\"683\" src=\"https:\/\/losbebesdeclau.com\/wp-content\/uploads\/2024\/03\/206-min-1024x683.jpg\" class=\"attachment-large size-large wp-image-1796\" alt=\"\" srcset=\"https:\/\/losbebesdeclau.com\/wp-content\/uploads\/2024\/03\/206-min-1024x683.jpg 1024w, https:\/\/losbebesdeclau.com\/wp-content\/uploads\/2024\/03\/206-min-300x200.jpg 300w, https:\/\/losbebesdeclau.com\/wp-content\/uploads\/2024\/03\/206-min-768x512.jpg 768w, https:\/\/losbebesdeclau.com\/wp-content\/uploads\/2024\/03\/206-min-600x400.jpg 600w, https:\/\/losbebesdeclau.com\/wp-content\/uploads\/2024\/03\/206-min.jpg 1296w\" sizes=\"(max-width: 1024px) 100vw, 1024px\" \/>\t\t\t\t\t\t\t\t\t\t\t\t\t\t\t<\/div>\n\t\t\t\t<\/div>\n\t\t\t\t\t<\/div>\n\t\t<\/div>\n\t\t\t\t\t\t\t<\/div>\n\t\t<\/section>\n\t\t\t\t<section class=\"elementor-section elementor-top-section elementor-element elementor-element-0c5e608 elementor-section-boxed elementor-section-height-default elementor-section-height-default\" data-id=\"0c5e608\" data-element_type=\"section\">\n\t\t\t\t\t\t<div class=\"elementor-container elementor-column-gap-default\">\n\t\t\t\t\t<div class=\"elementor-column elementor-col-100 elementor-top-column elementor-element elementor-element-5923344\" data-id=\"5923344\" data-element_type=\"column\">\n\t\t\t<div class=\"elementor-widget-wrap elementor-element-populated\">\n\t\t\t\t\t\t\t\t<div class=\"elementor-element elementor-element-fecfbf5 elementor-widget elementor-widget-heading\" data-id=\"fecfbf5\" data-element_type=\"widget\" data-widget_type=\"heading.default\">\n\t\t\t\t<div class=\"elementor-widget-container\">\n\t\t\t<h2 class=\"elementor-heading-title elementor-size-default\">M\u00e1s Informaci\u00f3n:<\/h2>\t\t<\/div>\n\t\t\t\t<\/div>\n\t\t\t\t\t<\/div>\n\t\t<\/div>\n\t\t\t\t\t\t\t<\/div>\n\t\t<\/section>\n\t\t\t\t<section class=\"elementor-section elementor-top-section elementor-element elementor-element-c05decf elementor-section-boxed elementor-section-height-default elementor-section-height-default\" data-id=\"c05decf\" data-element_type=\"section\">\n\t\t\t\t\t\t<div class=\"elementor-container elementor-column-gap-default\">\n\t\t\t\t\t<div class=\"elementor-column elementor-col-25 elementor-top-column elementor-element elementor-element-e1cc6e7 elementor-hidden-mobile\" data-id=\"e1cc6e7\" data-element_type=\"column\">\n\t\t\t<div class=\"elementor-widget-wrap\">\n\t\t\t\t\t\t\t\t\t<\/div>\n\t\t<\/div>\n\t\t\t\t<div class=\"elementor-column elementor-col-25 elementor-top-column elementor-element elementor-element-5c603af\" data-id=\"5c603af\" data-element_type=\"column\">\n\t\t\t<div class=\"elementor-widget-wrap elementor-element-populated\">\n\t\t\t\t\t\t\t\t<div class=\"elementor-element elementor-element-7eebc78 elementor-widget elementor-widget-heading\" data-id=\"7eebc78\" data-element_type=\"widget\" data-widget_type=\"heading.default\">\n\t\t\t\t<div class=\"elementor-widget-container\">\n\t\t\t<h2 class=\"elementor-heading-title elementor-size-default\"><a href=\"https:\/\/losbebesdeclau.com\/como-comprar\/\">C\u00f3mo Comprar<\/a><\/h2>\t\t<\/div>\n\t\t\t\t<\/div>\n\t\t\t\t<div class=\"elementor-element elementor-element-080b785 elementor-widget elementor-widget-heading\" data-id=\"080b785\" data-element_type=\"widget\" data-widget_type=\"heading.default\">\n\t\t\t\t<div class=\"elementor-widget-container\">\n\t\t\t<h2 class=\"elementor-heading-title elementor-size-default\"><a href=\"https:\/\/losbebesdeclau.com\/tienda-2\/\">Tienda<\/a><\/h2>\t\t<\/div>\n\t\t\t\t<\/div>\n\t\t\t\t<div class=\"elementor-element elementor-element-47309a6 elementor-widget elementor-widget-heading\" data-id=\"47309a6\" data-element_type=\"widget\" data-widget_type=\"heading.default\">\n\t\t\t\t<div class=\"elementor-widget-container\">\n\t\t\t<h2 class=\"elementor-heading-title elementor-size-default\"><a href=\"https:\/\/losbebesdeclau.com\/precios\/\">Precios<\/a><\/h2>\t\t<\/div>\n\t\t\t\t<\/div>\n\t\t\t\t<div class=\"elementor-element elementor-element-3d9c72e elementor-widget elementor-widget-heading\" data-id=\"3d9c72e\" data-element_type=\"widget\" data-widget_type=\"heading.default\">\n\t\t\t\t<div class=\"elementor-widget-container\">\n\t\t\t<h2 class=\"elementor-heading-title elementor-size-default\"><a href=\"https:\/\/losbebesdeclau.com\/envios\/\">Env\u00edos<\/a><\/h2>\t\t<\/div>\n\t\t\t\t<\/div>\n\t\t\t\t<div class=\"elementor-element elementor-element-898a05e elementor-widget elementor-widget-heading\" data-id=\"898a05e\" data-element_type=\"widget\" data-widget_type=\"heading.default\">\n\t\t\t\t<div class=\"elementor-widget-container\">\n\t\t\t<h2 class=\"elementor-heading-title elementor-size-default\"><a href=\"https:\/\/losbebesdeclau.com\/metodos-de-pago\/\">M\u00e9todos de Pago<\/a><\/h2>\t\t<\/div>\n\t\t\t\t<\/div>\n\t\t\t\t\t<\/div>\n\t\t<\/div>\n\t\t\t\t<div class=\"elementor-column elementor-col-25 elementor-top-column elementor-element elementor-element-82a5006\" data-id=\"82a5006\" data-element_type=\"column\">\n\t\t\t<div class=\"elementor-widget-wrap elementor-element-populated\">\n\t\t\t\t\t\t\t\t<div class=\"elementor-element elementor-element-2cf3524 elementor-widget elementor-widget-heading\" data-id=\"2cf3524\" data-element_type=\"widget\" data-widget_type=\"heading.default\">\n\t\t\t\t<div class=\"elementor-widget-container\">\n\t\t\t<h2 class=\"elementor-heading-title elementor-size-default\"><a href=\"https:\/\/losbebesdeclau.com\/encargos-personalizados\/\">Encargos<\/a><\/h2>\t\t<\/div>\n\t\t\t\t<\/div>\n\t\t\t\t<div class=\"elementor-element elementor-element-cd9dd0c elementor-widget elementor-widget-heading\" data-id=\"cd9dd0c\" data-element_type=\"widget\" data-widget_type=\"heading.default\">\n\t\t\t\t<div class=\"elementor-widget-container\">\n\t\t\t<h2 class=\"elementor-heading-title elementor-size-default\"><a href=\"https:\/\/losbebesdeclau.com\/preguntas-frecuentes\/\">Preguntas Frecuentes<\/a><\/h2>\t\t<\/div>\n\t\t\t\t<\/div>\n\t\t\t\t<div class=\"elementor-element elementor-element-b6460ca elementor-widget elementor-widget-heading\" data-id=\"b6460ca\" data-element_type=\"widget\" data-widget_type=\"heading.default\">\n\t\t\t\t<div class=\"elementor-widget-container\">\n\t\t\t<h2 class=\"elementor-heading-title elementor-size-default\"><a href=\"https:\/\/losbebesdeclau.com\/galeria\/\">Galer\u00eda<\/a><\/h2>\t\t<\/div>\n\t\t\t\t<\/div>\n\t\t\t\t<div class=\"elementor-element elementor-element-e286a13 elementor-widget elementor-widget-heading\" data-id=\"e286a13\" data-element_type=\"widget\" data-widget_type=\"heading.default\">\n\t\t\t\t<div class=\"elementor-widget-container\">\n\t\t\t<h2 class=\"elementor-heading-title elementor-size-default\"><a href=\"https:\/\/losbebesdeclau.com\/cuerpos-y-modificaciones\/\">Tipos de Cuerpos<\/a><\/h2>\t\t<\/div>\n\t\t\t\t<\/div>\n\t\t\t\t\t<\/div>\n\t\t<\/div>\n\t\t\t\t<div class=\"elementor-column elementor-col-25 elementor-top-column elementor-element elementor-element-32cbd7d elementor-hidden-mobile\" data-id=\"32cbd7d\" data-element_type=\"column\">\n\t\t\t<div class=\"elementor-widget-wrap\">\n\t\t\t\t\t\t\t\t\t<\/div>\n\t\t<\/div>\n\t\t\t\t\t\t\t<\/div>\n\t\t<\/section>\n\t\t\t\t\t\t\t<\/div>\n\t\t","protected":false},"excerpt":{"rendered":"<p>Qui\u00e9n Soy Yo Hola! Me presento, mi nombre es Claudia \u00c1guila, vivo en Chile y soy Artista Reborn desde el 2019. Aprend\u00ed de manera autodidacta con videos en YouTube. Desde entonces he practicado y modificado mucho mi t\u00e9cnica, y a\u00fan me queda infinidad por aprender, pero voy disfrutando cada etapa de este maravilloso arte.\u00a0 Desde [&hellip;]<\/p>\n","protected":false},"author":1,"featured_media":0,"parent":0,"menu_order":0,"comment_status":"closed","ping_status":"closed","template":"","meta":{"site-sidebar-layout":"no-sidebar","site-content-layout":"page-builder","ast-site-content-layout":"","site-content-style":"default","site-sidebar-style":"default","ast-global-header-display":"","ast-banner-title-visibility":"","ast-main-header-display":"","ast-hfb-above-header-display":"","ast-hfb-below-header-display":"","ast-hfb-mobile-header-display":"","site-post-title":"disabled","ast-breadcrumbs-content":"","ast-featured-img":"disabled","footer-sml-layout":"","theme-transparent-header-meta":"","adv-header-id-meta":"","stick-header-meta":"","header-above-stick-meta":"","header-main-stick-meta":"","header-below-stick-meta":"","astra-migrate-meta-layouts":"default","ast-page-background-enabled":"default","ast-page-background-meta":{"desktop":{"background-color":"var(--ast-global-color-4)","background-image":"","background-repeat":"repeat","background-position":"center center","background-size":"auto","background-attachment":"scroll","background-type":"","background-media":"","overlay-type":"","overlay-color":"","overlay-opacity":"","overlay-gradient":""},"tablet":{"background-color":"","background-image":"","background-repeat":"repeat","background-position":"center center","background-size":"auto","background-attachment":"scroll","background-type":"","background-media":"","overlay-type":"","overlay-color":"","overlay-opacity":"","overlay-gradient":""},"mobile":{"background-color":"","background-image":"","background-repeat":"repeat","background-position":"center center","background-size":"auto","background-attachment":"scroll","background-type":"","background-media":"","overlay-type":"","overlay-color":"","overlay-opacity":"","overlay-gradient":""}},"ast-content-background-meta":{"desktop":{"background-color":"var(--ast-global-color-5)","background-image":"","background-repeat":"repeat","background-position":"center center","background-size":"auto","background-attachment":"scroll","background-type":"","background-media":"","overlay-type":"","overlay-color":"","overlay-opacity":"","overlay-gradient":""},"tablet":{"background-color":"var(--ast-global-color-5)","background-image":"","background-repeat":"repeat","background-position":"center center","background-size":"auto","background-attachment":"scroll","background-type":"","background-media":"","overlay-type":"","overlay-color":"","overlay-opacity":"","overlay-gradient":""},"mobile":{"background-color":"var(--ast-global-color-5)","background-image":"","background-repeat":"repeat","background-position":"center center","background-size":"auto","background-attachment":"scroll","background-type":"","background-media":"","overlay-type":"","overlay-color":"","overlay-opacity":"","overlay-gradient":""}},"_joinchat":[],"footnotes":""},"class_list":["post-136","page","type-page","status-publish","hentry"],"_links":{"self":[{"href":"https:\/\/losbebesdeclau.com\/en\/wp-json\/wp\/v2\/pages\/136"}],"collection":[{"href":"https:\/\/losbebesdeclau.com\/en\/wp-json\/wp\/v2\/pages"}],"about":[{"href":"https:\/\/losbebesdeclau.com\/en\/wp-json\/wp\/v2\/types\/page"}],"author":[{"embeddable":true,"href":"https:\/\/losbebesdeclau.com\/en\/wp-json\/wp\/v2\/users\/1"}],"replies":[{"embeddable":true,"href":"https:\/\/losbebesdeclau.com\/en\/wp-json\/wp\/v2\/comments?post=136"}],"version-history":[{"count":25,"href":"https:\/\/losbebesdeclau.com\/en\/wp-json\/wp\/v2\/pages\/136\/revisions"}],"predecessor-version":[{"id":3628,"href":"https:\/\/losbebesdeclau.com\/en\/wp-json\/wp\/v2\/pages\/136\/revisions\/3628"}],"wp:attachment":[{"href":"https:\/\/losbebesdeclau.com\/en\/wp-json\/wp\/v2\/media?parent=136"}],"curies":[{"name":"wp","href":"https:\/\/api.w.org\/{rel}","templated":true}]}}