{"id":2382,"date":"2024-03-08T16:49:30","date_gmt":"2024-03-08T20:49:30","guid":{"rendered":"https:\/\/losbebesdeclau.com\/?page_id=2382"},"modified":"2026-05-01T15:15:22","modified_gmt":"2026-05-01T19:15:22","slug":"como-comprar","status":"publish","type":"page","link":"https:\/\/losbebesdeclau.com\/en\/como-comprar\/","title":{"rendered":"How to Adopt"},"content":{"rendered":"\t\t<div data-elementor-type=\"wp-page\" data-elementor-id=\"2382\" class=\"elementor elementor-2382\" data-elementor-post-type=\"page\">\n\t\t\t\t\t\t\t\t\t<section class=\"elementor-section elementor-top-section elementor-element elementor-element-3ee305d elementor-section-full_width elementor-section-height-default elementor-section-height-default\" data-id=\"3ee305d\" data-element_type=\"section\">\n\t\t\t\t\t\t<div class=\"elementor-container elementor-column-gap-no\">\n\t\t\t\t\t<div class=\"elementor-column elementor-col-33 elementor-top-column elementor-element elementor-element-fe9e038 elementor-hidden-mobile\" data-id=\"fe9e038\" data-element_type=\"column\">\n\t\t\t<div class=\"elementor-widget-wrap elementor-element-populated\">\n\t\t\t\t\t\t\t\t<div class=\"elementor-element elementor-element-b7388ee elementor-widget elementor-widget-image\" data-id=\"b7388ee\" data-element_type=\"widget\" data-widget_type=\"image.default\">\n\t\t\t\t<div class=\"elementor-widget-container\">\n\t\t\t<style>\/*! elementor - v3.15.0 - 09-08-2023 *\/\n.elementor-widget-image{text-align:center}.elementor-widget-image a{display:inline-block}.elementor-widget-image a img[src$=\".svg\"]{width:48px}.elementor-widget-image img{vertical-align:middle;display:inline-block}<\/style>\t\t\t\t\t\t\t\t\t\t\t\t<img decoding=\"async\" src=\"https:\/\/losbebesdeclau.com\/wp-content\/uploads\/2024\/03\/288-min.jpg\" title=\"\" alt=\"\" loading=\"lazy\" \/>\t\t\t\t\t\t\t\t\t\t\t\t\t\t\t<\/div>\n\t\t\t\t<\/div>\n\t\t\t\t\t<\/div>\n\t\t<\/div>\n\t\t\t\t<div class=\"elementor-column elementor-col-33 elementor-top-column elementor-element elementor-element-4b5ab80\" data-id=\"4b5ab80\" data-element_type=\"column\">\n\t\t\t<div class=\"elementor-widget-wrap elementor-element-populated\">\n\t\t\t\t\t\t\t\t<div class=\"elementor-element elementor-element-9c7594c elementor-widget elementor-widget-image\" data-id=\"9c7594c\" data-element_type=\"widget\" data-widget_type=\"image.default\">\n\t\t\t\t<div class=\"elementor-widget-container\">\n\t\t\t\t\t\t\t\t\t\t\t\t\t\t\t<img decoding=\"async\" src=\"https:\/\/losbebesdeclau.com\/wp-content\/uploads\/2024\/03\/308-min.jpg\" title=\"\" alt=\"\" loading=\"lazy\" \/>\t\t\t\t\t\t\t\t\t\t\t\t\t\t\t<\/div>\n\t\t\t\t<\/div>\n\t\t\t\t\t<\/div>\n\t\t<\/div>\n\t\t\t\t<div class=\"elementor-column elementor-col-33 elementor-top-column elementor-element elementor-element-4502e52 elementor-hidden-mobile\" data-id=\"4502e52\" data-element_type=\"column\">\n\t\t\t<div class=\"elementor-widget-wrap elementor-element-populated\">\n\t\t\t\t\t\t\t\t<div class=\"elementor-element elementor-element-d7fdec1 elementor-widget elementor-widget-image\" data-id=\"d7fdec1\" data-element_type=\"widget\" data-widget_type=\"image.default\">\n\t\t\t\t<div class=\"elementor-widget-container\">\n\t\t\t\t\t\t\t\t\t\t\t\t\t\t\t<img decoding=\"async\" src=\"https:\/\/losbebesdeclau.com\/wp-content\/uploads\/2024\/03\/296-min.jpg\" title=\"\" alt=\"\" loading=\"lazy\" \/>\t\t\t\t\t\t\t\t\t\t\t\t\t\t\t<\/div>\n\t\t\t\t<\/div>\n\t\t\t\t\t<\/div>\n\t\t<\/div>\n\t\t\t\t\t\t\t<\/div>\n\t\t<\/section>\n\t\t\t\t<section class=\"elementor-section elementor-top-section elementor-element elementor-element-20ed5bd elementor-section-boxed elementor-section-height-default elementor-section-height-default\" data-id=\"20ed5bd\" data-element_type=\"section\">\n\t\t\t\t\t\t<div class=\"elementor-container elementor-column-gap-default\">\n\t\t\t\t\t<div class=\"elementor-column elementor-col-100 elementor-top-column elementor-element elementor-element-99f15b0\" data-id=\"99f15b0\" data-element_type=\"column\">\n\t\t\t<div class=\"elementor-widget-wrap elementor-element-populated\">\n\t\t\t\t\t\t\t\t<div class=\"elementor-element elementor-element-d3fd24d elementor-widget elementor-widget-heading\" data-id=\"d3fd24d\" data-element_type=\"widget\" data-widget_type=\"heading.default\">\n\t\t\t\t<div class=\"elementor-widget-container\">\n\t\t\t<style>\/*! elementor - v3.15.0 - 09-08-2023 *\/\n.elementor-heading-title{padding:0;margin:0;line-height:1}.elementor-widget-heading .elementor-heading-title[class*=elementor-size-]>a{color:inherit;font-size:inherit;line-height:inherit}.elementor-widget-heading .elementor-heading-title.elementor-size-small{font-size:15px}.elementor-widget-heading .elementor-heading-title.elementor-size-medium{font-size:19px}.elementor-widget-heading .elementor-heading-title.elementor-size-large{font-size:29px}.elementor-widget-heading .elementor-heading-title.elementor-size-xl{font-size:39px}.elementor-widget-heading .elementor-heading-title.elementor-size-xxl{font-size:59px}<\/style><h2 class=\"elementor-heading-title elementor-size-default\">C\u00f3mo Comprar<\/h2>\t\t<\/div>\n\t\t\t\t<\/div>\n\t\t\t\t<div class=\"elementor-element elementor-element-9975e4f elementor-widget elementor-widget-heading\" data-id=\"9975e4f\" data-element_type=\"widget\" data-widget_type=\"heading.default\">\n\t\t\t\t<div class=\"elementor-widget-container\">\n\t\t\t<h2 class=\"elementor-heading-title elementor-size-default\">Las \u00fanicas v\u00edas de compra actualmente, son por WHATSAPP +56937043372 y Reborns.com\/losbebesdeclau <\/h2>\t\t<\/div>\n\t\t\t\t<\/div>\n\t\t\t\t\t<\/div>\n\t\t<\/div>\n\t\t\t\t\t\t\t<\/div>\n\t\t<\/section>\n\t\t\t\t<section class=\"elementor-section elementor-top-section elementor-element elementor-element-4e5959e elementor-section-boxed elementor-section-height-default elementor-section-height-default\" data-id=\"4e5959e\" data-element_type=\"section\">\n\t\t\t\t\t\t<div class=\"elementor-container elementor-column-gap-default\">\n\t\t\t\t\t<div class=\"elementor-column elementor-col-100 elementor-top-column elementor-element elementor-element-aa7ac43\" data-id=\"aa7ac43\" data-element_type=\"column\">\n\t\t\t<div class=\"elementor-widget-wrap elementor-element-populated\">\n\t\t\t\t\t\t\t\t<div class=\"elementor-element elementor-element-7546888 elementor-widget elementor-widget-text-editor\" data-id=\"7546888\" data-element_type=\"widget\" data-widget_type=\"text-editor.default\">\n\t\t\t\t<div class=\"elementor-widget-container\">\n\t\t\t<style>\/*! elementor - v3.15.0 - 09-08-2023 *\/\n.elementor-widget-text-editor.elementor-drop-cap-view-stacked .elementor-drop-cap{background-color:#69727d;color:#fff}.elementor-widget-text-editor.elementor-drop-cap-view-framed .elementor-drop-cap{color:#69727d;border:3px solid;background-color:transparent}.elementor-widget-text-editor:not(.elementor-drop-cap-view-default) .elementor-drop-cap{margin-top:8px}.elementor-widget-text-editor:not(.elementor-drop-cap-view-default) .elementor-drop-cap-letter{width:1em;height:1em}.elementor-widget-text-editor .elementor-drop-cap{float:left;text-align:center;line-height:1;font-size:50px}.elementor-widget-text-editor .elementor-drop-cap-letter{display:inline-block}<\/style>\t\t\t\t<ol><li>Los beb\u00e9s disponibles los publico aqu\u00ed: <a href=\"https:\/\/losbebesdeclau.com\/tienda-2\/\">Tienda<\/a><\/li><li><span style=\"font-size: 16px;\">La compra es por <\/span><a href=\"https:\/\/wa.me\/56937043372\">WhatsApp +56937043372<\/a>, all\u00ed me dices cu\u00e1l beb\u00e9 te gust\u00f3 y te mandar\u00e9 la informaci\u00f3n necesaria para que realices el pago.<\/li><li><span style=\"font-size: 16px;\">Puedes preguntar todo lo que quieras sobre el beb\u00e9, m\u00e9todo de pago, planes de pago, pedirme fotos, fotos de seguridad, videos, etc.<\/span><\/li><li>\u00a0Para los encargos personalizados, debes escribirme al <a href=\"https:\/\/wa.me\/56937043372\">WhatsApp +56937043372<\/a>, y all\u00ed conversamos si es posible hacerlo, fechas y pagos.\u00a0<\/li><\/ol>\t\t\t\t\t\t<\/div>\n\t\t\t\t<\/div>\n\t\t\t\t\t<\/div>\n\t\t<\/div>\n\t\t\t\t\t\t\t<\/div>\n\t\t<\/section>\n\t\t\t\t<section class=\"elementor-section elementor-top-section elementor-element elementor-element-25a8585 elementor-hidden-desktop elementor-hidden-tablet elementor-hidden-mobile elementor-section-boxed elementor-section-height-default elementor-section-height-default\" data-id=\"25a8585\" data-element_type=\"section\">\n\t\t\t\t\t\t<div class=\"elementor-container elementor-column-gap-default\">\n\t\t\t\t\t<div class=\"elementor-column elementor-col-100 elementor-top-column elementor-element elementor-element-94e04dc\" data-id=\"94e04dc\" data-element_type=\"column\">\n\t\t\t<div class=\"elementor-widget-wrap elementor-element-populated\">\n\t\t\t\t\t\t\t\t<div class=\"elementor-element elementor-element-eb40bcb elementor-widget elementor-widget-text-editor\" data-id=\"eb40bcb\" data-element_type=\"widget\" data-widget_type=\"text-editor.default\">\n\t\t\t\t<div class=\"elementor-widget-container\">\n\t\t\t\t\t\t\t<ol><li>Los beb\u00e9s disponibles los publico aqu\u00ed: <a href=\"https:\/\/losbebesdeclau.com\/tienda-2\/\">Tienda<\/a><\/li><li>Los publico con 1 semana de anticipaci\u00f3n, anunciando el D\u00cdA y la HORA en que estar\u00e1 disponible<\/li><li>Durante esa semana me puedes preguntar todo lo que quieras sobre el beb\u00e9, m\u00e9todo de pago, planes de pago, pedirme fotos, etc.<\/li><li>Cuando llegue el d\u00eda y la hora indicada, deber\u00e1s escribirme al <a href=\"https:\/\/api.whatsapp.com\/send?phone=56949254133&amp;text=Hola!%20me%20gustar%C3%ADa%20saber%20m%C3%A1s%20sobre...%20\">WhatsApp +56949254133<\/a>,\u00a0 ES POR ORDEN DE LLEGADA DE MENSAJE:<\/li><\/ol>\t\t\t\t\t\t<\/div>\n\t\t\t\t<\/div>\n\t\t\t\t<div class=\"elementor-element elementor-element-de80f94 elementor-widget elementor-widget-text-editor\" data-id=\"de80f94\" data-element_type=\"widget\" data-widget_type=\"text-editor.default\">\n\t\t\t\t<div class=\"elementor-widget-container\">\n\t\t\t\t\t\t\t<ul><li>Yo respetar\u00e9 el orden de llegada y te avisar\u00e9 si fuiste el primero en escribir o si hay \u00abX\u00bb personas antes de ti.<\/li><li>Basta con que me escribas 1 mensaje diciendo \u00abHola, quiero al beb\u00e9&#8230;\u00bb, evita escribir m\u00e1s de un mensaje, ya que tu chat puede perder el primer lugar\u00a0<\/li><li>Ir\u00e9 con la primera persona en la lista y le enviar\u00e9 la solicitud de pago que corresponda.\u00a0<\/li><li>La esperar\u00e9 un tiempo razonable para que complete el pago (no debiera tardar m\u00e1s de 15 minutos)<\/li><li>Si por alguna raz\u00f3n, la primera persona no realiza el pago o deja de contestar mis mensajes (que si me ha pasado), pierde su turno y yo voy con la segunda persona en la lista. Y as\u00ed sucesivamente.\u00a0<\/li><li>Cuando alguien complete el pago, se lo har\u00e9 saber a todos quienes est\u00e9n en la lista de espera<\/li><\/ul>\t\t\t\t\t\t<\/div>\n\t\t\t\t<\/div>\n\t\t\t\t<div class=\"elementor-element elementor-element-32758e0 elementor-widget elementor-widget-heading\" data-id=\"32758e0\" data-element_type=\"widget\" data-widget_type=\"heading.default\">\n\t\t\t\t<div class=\"elementor-widget-container\">\n\t\t\t<h2 class=\"elementor-heading-title elementor-size-default\">No esperes hasta el d\u00eda y hora de compra para preguntarme los detalles y planes de pago! Preg\u00fantamelo ANTES! <\/h2>\t\t<\/div>\n\t\t\t\t<\/div>\n\t\t\t\t\t<\/div>\n\t\t<\/div>\n\t\t\t\t\t\t\t<\/div>\n\t\t<\/section>\n\t\t\t\t<section class=\"elementor-section elementor-top-section elementor-element elementor-element-7c4d4c9 elementor-section-boxed elementor-section-height-default elementor-section-height-default\" data-id=\"7c4d4c9\" data-element_type=\"section\">\n\t\t\t\t\t\t<div class=\"elementor-container elementor-column-gap-default\">\n\t\t\t\t\t<div class=\"elementor-column elementor-col-100 elementor-top-column elementor-element elementor-element-ad072f4\" data-id=\"ad072f4\" data-element_type=\"column\">\n\t\t\t<div class=\"elementor-widget-wrap elementor-element-populated\">\n\t\t\t\t\t\t\t\t<div class=\"elementor-element elementor-element-bca082d elementor-widget elementor-widget-heading\" data-id=\"bca082d\" data-element_type=\"widget\" data-widget_type=\"heading.default\">\n\t\t\t\t<div class=\"elementor-widget-container\">\n\t\t\t<h2 class=\"elementor-heading-title elementor-size-default\">M\u00e1s Informaci\u00f3n:<\/h2>\t\t<\/div>\n\t\t\t\t<\/div>\n\t\t\t\t\t<\/div>\n\t\t<\/div>\n\t\t\t\t\t\t\t<\/div>\n\t\t<\/section>\n\t\t\t\t<section class=\"elementor-section elementor-top-section elementor-element elementor-element-f90dc01 elementor-section-boxed elementor-section-height-default elementor-section-height-default\" data-id=\"f90dc01\" data-element_type=\"section\">\n\t\t\t\t\t\t<div class=\"elementor-container elementor-column-gap-default\">\n\t\t\t\t\t<div class=\"elementor-column elementor-col-25 elementor-top-column elementor-element elementor-element-ef8793b elementor-hidden-mobile\" data-id=\"ef8793b\" data-element_type=\"column\">\n\t\t\t<div class=\"elementor-widget-wrap\">\n\t\t\t\t\t\t\t\t\t<\/div>\n\t\t<\/div>\n\t\t\t\t<div class=\"elementor-column elementor-col-25 elementor-top-column elementor-element elementor-element-30fbe64\" data-id=\"30fbe64\" data-element_type=\"column\">\n\t\t\t<div class=\"elementor-widget-wrap elementor-element-populated\">\n\t\t\t\t\t\t\t\t<div class=\"elementor-element elementor-element-2236321 elementor-widget elementor-widget-heading\" data-id=\"2236321\" data-element_type=\"widget\" data-widget_type=\"heading.default\">\n\t\t\t\t<div class=\"elementor-widget-container\">\n\t\t\t<h2 class=\"elementor-heading-title elementor-size-default\"><a href=\"https:\/\/losbebesdeclau.com\/tienda-2\/\">Tienda<\/a><\/h2>\t\t<\/div>\n\t\t\t\t<\/div>\n\t\t\t\t<div class=\"elementor-element elementor-element-58265cc elementor-widget elementor-widget-heading\" data-id=\"58265cc\" data-element_type=\"widget\" data-widget_type=\"heading.default\">\n\t\t\t\t<div class=\"elementor-widget-container\">\n\t\t\t<h2 class=\"elementor-heading-title elementor-size-default\"><a href=\"https:\/\/losbebesdeclau.com\/precios\/\">Precios<\/a><\/h2>\t\t<\/div>\n\t\t\t\t<\/div>\n\t\t\t\t<div class=\"elementor-element elementor-element-546fd85 elementor-widget elementor-widget-heading\" data-id=\"546fd85\" data-element_type=\"widget\" data-widget_type=\"heading.default\">\n\t\t\t\t<div class=\"elementor-widget-container\">\n\t\t\t<h2 class=\"elementor-heading-title elementor-size-default\"><a href=\"https:\/\/losbebesdeclau.com\/envios\/\">Env\u00edos<\/a><\/h2>\t\t<\/div>\n\t\t\t\t<\/div>\n\t\t\t\t<div class=\"elementor-element elementor-element-1270fe3 elementor-widget elementor-widget-heading\" data-id=\"1270fe3\" data-element_type=\"widget\" data-widget_type=\"heading.default\">\n\t\t\t\t<div class=\"elementor-widget-container\">\n\t\t\t<h2 class=\"elementor-heading-title elementor-size-default\"><a href=\"https:\/\/losbebesdeclau.com\/metodos-de-pago\/\">M\u00e9todos de Pago<\/a><\/h2>\t\t<\/div>\n\t\t\t\t<\/div>\n\t\t\t\t<div class=\"elementor-element elementor-element-bdba1a9 elementor-widget elementor-widget-heading\" data-id=\"bdba1a9\" data-element_type=\"widget\" data-widget_type=\"heading.default\">\n\t\t\t\t<div class=\"elementor-widget-container\">\n\t\t\t<h2 class=\"elementor-heading-title elementor-size-default\"><a href=\"https:\/\/losbebesdeclau.com\/encargos-personalizados\/\">Encargos<\/a><\/h2>\t\t<\/div>\n\t\t\t\t<\/div>\n\t\t\t\t\t<\/div>\n\t\t<\/div>\n\t\t\t\t<div class=\"elementor-column elementor-col-25 elementor-top-column elementor-element elementor-element-e7b6774\" data-id=\"e7b6774\" data-element_type=\"column\">\n\t\t\t<div class=\"elementor-widget-wrap elementor-element-populated\">\n\t\t\t\t\t\t\t\t<div class=\"elementor-element elementor-element-5c0ea60 elementor-widget elementor-widget-heading\" data-id=\"5c0ea60\" data-element_type=\"widget\" data-widget_type=\"heading.default\">\n\t\t\t\t<div class=\"elementor-widget-container\">\n\t\t\t<h2 class=\"elementor-heading-title elementor-size-default\"><a href=\"https:\/\/losbebesdeclau.com\/preguntas-frecuentes\/\">Preguntas Frecuentes<\/a><\/h2>\t\t<\/div>\n\t\t\t\t<\/div>\n\t\t\t\t<div class=\"elementor-element elementor-element-7b5d433 elementor-widget elementor-widget-heading\" data-id=\"7b5d433\" data-element_type=\"widget\" data-widget_type=\"heading.default\">\n\t\t\t\t<div class=\"elementor-widget-container\">\n\t\t\t<h2 class=\"elementor-heading-title elementor-size-default\"><a href=\"https:\/\/losbebesdeclau.com\/galeria\/\">Galer\u00eda<\/a><\/h2>\t\t<\/div>\n\t\t\t\t<\/div>\n\t\t\t\t<div class=\"elementor-element elementor-element-457e54c elementor-widget elementor-widget-heading\" data-id=\"457e54c\" data-element_type=\"widget\" data-widget_type=\"heading.default\">\n\t\t\t\t<div class=\"elementor-widget-container\">\n\t\t\t<h2 class=\"elementor-heading-title elementor-size-default\"><a href=\"https:\/\/losbebesdeclau.com\/cuerpos-y-modificaciones\/\">Tipos de Cuerpos<\/a><\/h2>\t\t<\/div>\n\t\t\t\t<\/div>\n\t\t\t\t<div class=\"elementor-element elementor-element-b7cc131 elementor-widget elementor-widget-heading\" data-id=\"b7cc131\" data-element_type=\"widget\" data-widget_type=\"heading.default\">\n\t\t\t\t<div class=\"elementor-widget-container\">\n\t\t\t<h2 class=\"elementor-heading-title elementor-size-default\"><a href=\"https:\/\/losbebesdeclau.com\/quien-soy\/\">Qui\u00e9n soy yo<\/a><\/h2>\t\t<\/div>\n\t\t\t\t<\/div>\n\t\t\t\t\t<\/div>\n\t\t<\/div>\n\t\t\t\t<div class=\"elementor-column elementor-col-25 elementor-top-column elementor-element elementor-element-2b09adb elementor-hidden-mobile\" data-id=\"2b09adb\" data-element_type=\"column\">\n\t\t\t<div class=\"elementor-widget-wrap\">\n\t\t\t\t\t\t\t\t\t<\/div>\n\t\t<\/div>\n\t\t\t\t\t\t\t<\/div>\n\t\t<\/section>\n\t\t\t\t\t\t\t<\/div>\n\t\t","protected":false},"excerpt":{"rendered":"<p>C\u00f3mo Comprar Las \u00fanicas v\u00edas de compra actualmente, son por WHATSAPP +56937043372 y Reborns.com\/losbebesdeclau Los beb\u00e9s disponibles los publico aqu\u00ed: Tienda La compra es por WhatsApp +56937043372, all\u00ed me dices cu\u00e1l beb\u00e9 te gust\u00f3 y te mandar\u00e9 la informaci\u00f3n necesaria para que realices el pago. Puedes preguntar todo lo que quieras sobre el beb\u00e9, m\u00e9todo [&hellip;]<\/p>\n","protected":false},"author":1,"featured_media":0,"parent":0,"menu_order":0,"comment_status":"closed","ping_status":"closed","template":"","meta":{"site-sidebar-layout":"no-sidebar","site-content-layout":"page-builder","ast-site-content-layout":"","site-content-style":"default","site-sidebar-style":"default","ast-global-header-display":"","ast-banner-title-visibility":"","ast-main-header-display":"","ast-hfb-above-header-display":"","ast-hfb-below-header-display":"","ast-hfb-mobile-header-display":"","site-post-title":"disabled","ast-breadcrumbs-content":"","ast-featured-img":"disabled","footer-sml-layout":"","theme-transparent-header-meta":"","adv-header-id-meta":"","stick-header-meta":"","header-above-stick-meta":"","header-main-stick-meta":"","header-below-stick-meta":"","astra-migrate-meta-layouts":"default","ast-page-background-enabled":"default","ast-page-background-meta":{"desktop":{"background-color":"var(--ast-global-color-4)","background-image":"","background-repeat":"repeat","background-position":"center center","background-size":"auto","background-attachment":"scroll","background-type":"","background-media":"","overlay-type":"","overlay-color":"","overlay-opacity":"","overlay-gradient":""},"tablet":{"background-color":"","background-image":"","background-repeat":"repeat","background-position":"center center","background-size":"auto","background-attachment":"scroll","background-type":"","background-media":"","overlay-type":"","overlay-color":"","overlay-opacity":"","overlay-gradient":""},"mobile":{"background-color":"","background-image":"","background-repeat":"repeat","background-position":"center center","background-size":"auto","background-attachment":"scroll","background-type":"","background-media":"","overlay-type":"","overlay-color":"","overlay-opacity":"","overlay-gradient":""}},"ast-content-background-meta":{"desktop":{"background-color":"var(--ast-global-color-5)","background-image":"","background-repeat":"repeat","background-position":"center center","background-size":"auto","background-attachment":"scroll","background-type":"","background-media":"","overlay-type":"","overlay-color":"","overlay-opacity":"","overlay-gradient":""},"tablet":{"background-color":"var(--ast-global-color-5)","background-image":"","background-repeat":"repeat","background-position":"center center","background-size":"auto","background-attachment":"scroll","background-type":"","background-media":"","overlay-type":"","overlay-color":"","overlay-opacity":"","overlay-gradient":""},"mobile":{"background-color":"var(--ast-global-color-5)","background-image":"","background-repeat":"repeat","background-position":"center center","background-size":"auto","background-attachment":"scroll","background-type":"","background-media":"","overlay-type":"","overlay-color":"","overlay-opacity":"","overlay-gradient":""}},"_joinchat":[],"footnotes":""},"class_list":["post-2382","page","type-page","status-publish","hentry"],"_links":{"self":[{"href":"https:\/\/losbebesdeclau.com\/en\/wp-json\/wp\/v2\/pages\/2382"}],"collection":[{"href":"https:\/\/losbebesdeclau.com\/en\/wp-json\/wp\/v2\/pages"}],"about":[{"href":"https:\/\/losbebesdeclau.com\/en\/wp-json\/wp\/v2\/types\/page"}],"author":[{"embeddable":true,"href":"https:\/\/losbebesdeclau.com\/en\/wp-json\/wp\/v2\/users\/1"}],"replies":[{"embeddable":true,"href":"https:\/\/losbebesdeclau.com\/en\/wp-json\/wp\/v2\/comments?post=2382"}],"version-history":[{"count":28,"href":"https:\/\/losbebesdeclau.com\/en\/wp-json\/wp\/v2\/pages\/2382\/revisions"}],"predecessor-version":[{"id":6377,"href":"https:\/\/losbebesdeclau.com\/en\/wp-json\/wp\/v2\/pages\/2382\/revisions\/6377"}],"wp:attachment":[{"href":"https:\/\/losbebesdeclau.com\/en\/wp-json\/wp\/v2\/media?parent=2382"}],"curies":[{"name":"wp","href":"https:\/\/api.w.org\/{rel}","templated":true}]}}